{"id":10,"date":"2024-10-08T11:48:40","date_gmt":"2024-10-08T11:48:40","guid":{"rendered":"https:\/\/ceramikker.com\/?page_id=10"},"modified":"2025-02-11T13:23:32","modified_gmt":"2025-02-11T13:23:32","slug":"home","status":"publish","type":"page","link":"https:\/\/ceramikker.com\/","title":{"rendered":"Home"},"content":{"rendered":"\t\t<div data-elementor-type=\"wp-page\" data-elementor-id=\"10\" class=\"elementor elementor-10\" data-elementor-post-type=\"page\">\n\t\t\t\t\t\t<section class=\"elementor-section elementor-top-section elementor-element elementor-element-08f3fc2 elementor-section-height-min-height elementor-section-boxed elementor-section-height-default elementor-section-items-middle\" data-id=\"08f3fc2\" data-element_type=\"section\" data-settings=\"{&quot;background_background&quot;:&quot;gradient&quot;}\">\n\t\t\t\t\t\t<div class=\"elementor-container elementor-column-gap-no\">\n\t\t\t\t\t<div class=\"elementor-column elementor-col-100 elementor-top-column elementor-element elementor-element-7d0d4e7\" data-id=\"7d0d4e7\" data-element_type=\"column\" data-settings=\"{&quot;background_background&quot;:&quot;classic&quot;}\">\n\t\t\t<div class=\"elementor-widget-wrap elementor-element-populated\">\n\t\t\t\t\t\t<section class=\"elementor-section elementor-inner-section elementor-element elementor-element-54cb3e1 elementor-section-boxed elementor-section-height-default elementor-section-height-default\" data-id=\"54cb3e1\" data-element_type=\"section\" data-settings=\"{&quot;background_background&quot;:&quot;classic&quot;}\">\n\t\t\t\t\t\t<div class=\"elementor-container elementor-column-gap-default\">\n\t\t\t\t\t<div class=\"elementor-column elementor-col-100 elementor-inner-column elementor-element elementor-element-5081075\" data-id=\"5081075\" data-element_type=\"column\">\n\t\t\t<div class=\"elementor-widget-wrap elementor-element-populated\">\n\t\t\t\t\t\t<div class=\"elementor-element elementor-element-68b4e27 elementor-widget elementor-widget-image\" data-id=\"68b4e27\" data-element_type=\"widget\" data-widget_type=\"image.default\">\n\t\t\t\t<div class=\"elementor-widget-container\">\n\t\t\t\t\t\t\t\t\t\t\t\t\t\t\t<img fetchpriority=\"high\" decoding=\"async\" width=\"800\" height=\"350\" src=\"https:\/\/ceramikker.com\/wp-content\/uploads\/2025\/02\/cropped-cropped-Logo_Ceramikker_black-1024x448.webp\" class=\"attachment-large size-large wp-image-59\" alt=\"\" srcset=\"https:\/\/ceramikker.com\/wp-content\/uploads\/2025\/02\/cropped-cropped-Logo_Ceramikker_black-1024x448.webp 1024w, https:\/\/ceramikker.com\/wp-content\/uploads\/2025\/02\/cropped-cropped-Logo_Ceramikker_black-300x131.webp 300w, https:\/\/ceramikker.com\/wp-content\/uploads\/2025\/02\/cropped-cropped-Logo_Ceramikker_black-768x336.webp 768w, https:\/\/ceramikker.com\/wp-content\/uploads\/2025\/02\/cropped-cropped-Logo_Ceramikker_black.webp 1062w\" sizes=\"(max-width: 800px) 100vw, 800px\" \/>\t\t\t\t\t\t\t\t\t\t\t\t\t\t\t<\/div>\n\t\t\t\t<\/div>\n\t\t\t\t\t<\/div>\n\t\t<\/div>\n\t\t\t\t\t<\/div>\n\t\t<\/section>\n\t\t\t\t<section class=\"elementor-section elementor-inner-section elementor-element elementor-element-5fba52f elementor-section-boxed elementor-section-height-default elementor-section-height-default\" data-id=\"5fba52f\" data-element_type=\"section\" data-settings=\"{&quot;background_background&quot;:&quot;classic&quot;}\">\n\t\t\t\t\t\t<div class=\"elementor-container elementor-column-gap-default\">\n\t\t\t\t\t<div class=\"make-column-clickable-elementor elementor-column elementor-col-33 elementor-inner-column elementor-element elementor-element-2aad327\" style=\"cursor: pointer;\" data-column-clickable=\"http:\/\/ceramikker.pl\/?utm_source=ceramikker&amp;utm_medium=global&amp;utm_campaign=main_site\" data-column-clickable-blank=\"_self\" data-id=\"2aad327\" data-element_type=\"column\" data-settings=\"{&quot;background_background&quot;:&quot;classic&quot;}\">\n\t\t\t<div class=\"elementor-widget-wrap elementor-element-populated\">\n\t\t\t\t\t\t<div class=\"elementor-element elementor-element-e44841c elementor-view-default elementor-position-top elementor-mobile-position-top elementor-widget elementor-widget-icon-box\" data-id=\"e44841c\" data-element_type=\"widget\" data-widget_type=\"icon-box.default\">\n\t\t\t\t<div class=\"elementor-widget-container\">\n\t\t\t\t\t\t\t<div class=\"elementor-icon-box-wrapper\">\n\n\t\t\t\t\t\t<div class=\"elementor-icon-box-icon\">\n\t\t\t\t<a href=\"http:\/\/ceramikker.pl\/?utm_source=ceramikker&#038;utm_medium=global&#038;utm_campaign=main_site\" class=\"elementor-icon\" tabindex=\"-1\" aria-label=\"Kupuj\u0119 w j\u0119zyku polskim\">\n\t\t\t\t<svg xmlns=\"http:\/\/www.w3.org\/2000\/svg\" xmlns:xlink=\"http:\/\/www.w3.org\/1999\/xlink\" id=\"Layer_1\" x=\"0px\" y=\"0px\" viewBox=\"0 0 512.001 512.001\" style=\"enable-background:new 0 0 512.001 512.001;\" xml:space=\"preserve\"><path style=\"fill:#FF4B55;\" d=\"M0,256h512v158.897c0,4.875-3.953,8.828-8.828,8.828H8.828c-4.875,0-8.828-3.953-8.828-8.828V256z\"><\/path><path style=\"fill:#F5F5F5;\" d=\"M512,256H0V97.103c0-4.875,3.953-8.828,8.828-8.828h494.345c4.875,0,8.828,3.953,8.828,8.828L512,256 L512,256z\"><\/path><g><\/g><g><\/g><g><\/g><g><\/g><g><\/g><g><\/g><g><\/g><g><\/g><g><\/g><g><\/g><g><\/g><g><\/g><g><\/g><g><\/g><g><\/g><\/svg>\t\t\t\t<\/a>\n\t\t\t<\/div>\n\t\t\t\n\t\t\t\t\t\t<div class=\"elementor-icon-box-content\">\n\n\t\t\t\t\t\t\t\t\t<h3 class=\"elementor-icon-box-title\">\n\t\t\t\t\t\t<a href=\"http:\/\/ceramikker.pl\/?utm_source=ceramikker&#038;utm_medium=global&#038;utm_campaign=main_site\" >\n\t\t\t\t\t\t\tKupuj\u0119 w j\u0119zyku polskim\t\t\t\t\t\t<\/a>\n\t\t\t\t\t<\/h3>\n\t\t\t\t\n\t\t\t\t\t\t\t\t\t<p class=\"elementor-icon-box-description\">\n\t\t\t\t\t\tCeramikker.pl\t\t\t\t\t<\/p>\n\t\t\t\t\n\t\t\t<\/div>\n\t\t\t\n\t\t<\/div>\n\t\t\t\t\t\t<\/div>\n\t\t\t\t<\/div>\n\t\t\t\t<div class=\"elementor-element elementor-element-cb0c313 elementor-align-center elementor-widget elementor-widget-button\" data-id=\"cb0c313\" data-element_type=\"widget\" data-widget_type=\"button.default\">\n\t\t\t\t<div class=\"elementor-widget-container\">\n\t\t\t\t\t\t\t\t\t<div class=\"elementor-button-wrapper\">\n\t\t\t\t\t<a class=\"elementor-button elementor-button-link elementor-size-sm\" href=\"http:\/\/ceramikker.pl\/?utm_source=ceramikker&#038;utm_medium=global&#038;utm_campaign=main_site\">\n\t\t\t\t\t\t<span class=\"elementor-button-content-wrapper\">\n\t\t\t\t\t\t<span class=\"elementor-button-icon\">\n\t\t\t\t<i aria-hidden=\"true\" class=\"fas fa-arrow-right\"><\/i>\t\t\t<\/span>\n\t\t\t\t\t\t\t\t\t<span class=\"elementor-button-text\">Przejd\u017a teraz<\/span>\n\t\t\t\t\t<\/span>\n\t\t\t\t\t<\/a>\n\t\t\t\t<\/div>\n\t\t\t\t\t\t\t\t<\/div>\n\t\t\t\t<\/div>\n\t\t\t\t\t<\/div>\n\t\t<\/div>\n\t\t\t\t<div class=\"make-column-clickable-elementor elementor-column elementor-col-33 elementor-inner-column elementor-element elementor-element-709e07e\" style=\"cursor: pointer;\" data-column-clickable=\"http:\/\/ceramikker.pl\/?utm_source=ceramikker&amp;utm_medium=global&amp;utm_campaign=main_site\" data-column-clickable-blank=\"_self\" data-id=\"709e07e\" data-element_type=\"column\" data-settings=\"{&quot;background_background&quot;:&quot;classic&quot;}\">\n\t\t\t<div class=\"elementor-widget-wrap elementor-element-populated\">\n\t\t\t\t\t\t<div class=\"elementor-element elementor-element-967e935 elementor-view-default elementor-position-top elementor-mobile-position-top elementor-widget elementor-widget-icon-box\" data-id=\"967e935\" data-element_type=\"widget\" data-widget_type=\"icon-box.default\">\n\t\t\t\t<div class=\"elementor-widget-container\">\n\t\t\t\t\t\t\t<div class=\"elementor-icon-box-wrapper\">\n\n\t\t\t\t\t\t<div class=\"elementor-icon-box-icon\">\n\t\t\t\t<a href=\"http:\/\/ceramikker.cz\/?utm_source=ceramikker&#038;utm_medium=global&#038;utm_campaign=main_site\" class=\"elementor-icon\" tabindex=\"-1\" aria-label=\"Nakupuji v \u010desk\u00e9m jazyce\">\n\t\t\t\t<svg xmlns=\"http:\/\/www.w3.org\/2000\/svg\" xmlns:xlink=\"http:\/\/www.w3.org\/1999\/xlink\" id=\"Layer_1\" x=\"0px\" y=\"0px\" viewBox=\"0 0 512 512\" style=\"enable-background:new 0 0 512 512;\" xml:space=\"preserve\"><path style=\"fill:#41479B;\" d=\"M3.256,421.59L256,256L3.256,90.41C1.311,92.029,0,94.375,0,97.103v317.793 C0,417.625,1.311,419.971,3.256,421.59z\"><\/path><path style=\"fill:#FF4B55;\" d=\"M3.256,421.59c1.53,1.274,3.425,2.134,5.571,2.134h494.345c4.875,0,8.828-3.953,8.828-8.828V256H256 L3.256,421.59z\"><\/path><path style=\"fill:#F5F5F5;\" d=\"M3.256,90.41c1.53-1.274,3.425-2.134,5.571-2.134h494.345c4.875,0,8.828,3.953,8.828,8.828V256H256 L3.256,90.41z\"><\/path><g><\/g><g><\/g><g><\/g><g><\/g><g><\/g><g><\/g><g><\/g><g><\/g><g><\/g><g><\/g><g><\/g><g><\/g><g><\/g><g><\/g><g><\/g><\/svg>\t\t\t\t<\/a>\n\t\t\t<\/div>\n\t\t\t\n\t\t\t\t\t\t<div class=\"elementor-icon-box-content\">\n\n\t\t\t\t\t\t\t\t\t<h3 class=\"elementor-icon-box-title\">\n\t\t\t\t\t\t<a href=\"http:\/\/ceramikker.cz\/?utm_source=ceramikker&#038;utm_medium=global&#038;utm_campaign=main_site\" >\n\t\t\t\t\t\t\tNakupuji v \u010desk\u00e9m jazyce\t\t\t\t\t\t<\/a>\n\t\t\t\t\t<\/h3>\n\t\t\t\t\n\t\t\t\t\t\t\t\t\t<p class=\"elementor-icon-box-description\">\n\t\t\t\t\t\tCeramikker.cz\t\t\t\t\t<\/p>\n\t\t\t\t\n\t\t\t<\/div>\n\t\t\t\n\t\t<\/div>\n\t\t\t\t\t\t<\/div>\n\t\t\t\t<\/div>\n\t\t\t\t<div class=\"elementor-element elementor-element-5f8f7d2 elementor-align-center elementor-widget elementor-widget-button\" data-id=\"5f8f7d2\" data-element_type=\"widget\" data-widget_type=\"button.default\">\n\t\t\t\t<div class=\"elementor-widget-container\">\n\t\t\t\t\t\t\t\t\t<div class=\"elementor-button-wrapper\">\n\t\t\t\t\t<a class=\"elementor-button elementor-button-link elementor-size-sm\" href=\"http:\/\/ceramikker.cz\/?utm_source=ceramikker&#038;utm_medium=global&#038;utm_campaign=main_site\">\n\t\t\t\t\t\t<span class=\"elementor-button-content-wrapper\">\n\t\t\t\t\t\t<span class=\"elementor-button-icon\">\n\t\t\t\t<i aria-hidden=\"true\" class=\"fas fa-arrow-right\"><\/i>\t\t\t<\/span>\n\t\t\t\t\t\t\t\t\t<span class=\"elementor-button-text\">P\u0159ej\u00edt nyn\u00ed<\/span>\n\t\t\t\t\t<\/span>\n\t\t\t\t\t<\/a>\n\t\t\t\t<\/div>\n\t\t\t\t\t\t\t\t<\/div>\n\t\t\t\t<\/div>\n\t\t\t\t\t<\/div>\n\t\t<\/div>\n\t\t\t\t<div class=\"make-column-clickable-elementor elementor-column elementor-col-33 elementor-inner-column elementor-element elementor-element-ea96656\" style=\"cursor: pointer;\" data-column-clickable=\"http:\/\/ceramikker.pl\/?utm_source=ceramikker&amp;utm_medium=global&amp;utm_campaign=main_site\" data-column-clickable-blank=\"_self\" data-id=\"ea96656\" data-element_type=\"column\" data-settings=\"{&quot;background_background&quot;:&quot;classic&quot;}\">\n\t\t\t<div class=\"elementor-widget-wrap elementor-element-populated\">\n\t\t\t\t\t\t<div class=\"elementor-element elementor-element-f3f9f82 elementor-view-default elementor-position-top elementor-mobile-position-top elementor-widget elementor-widget-icon-box\" data-id=\"f3f9f82\" data-element_type=\"widget\" data-widget_type=\"icon-box.default\">\n\t\t\t\t<div class=\"elementor-widget-container\">\n\t\t\t\t\t\t\t<div class=\"elementor-icon-box-wrapper\">\n\n\t\t\t\t\t\t<div class=\"elementor-icon-box-icon\">\n\t\t\t\t<a href=\"http:\/\/ceramikker.sk\/?utm_source=ceramikker&#038;utm_medium=global&#038;utm_campaign=main_site\" class=\"elementor-icon\" tabindex=\"-1\" aria-label=\"Nakupujem v slovenskom jazyku\">\n\t\t\t\t<svg xmlns=\"http:\/\/www.w3.org\/2000\/svg\" xmlns:xlink=\"http:\/\/www.w3.org\/1999\/xlink\" id=\"Layer_1\" x=\"0px\" y=\"0px\" viewBox=\"0 0 512.001 512.001\" style=\"enable-background:new 0 0 512.001 512.001;\" xml:space=\"preserve\"><path style=\"fill:#F5F5F5;\" d=\"M512,200.093H0V97.104c0-4.875,3.953-8.828,8.828-8.828h494.345c4.875,0,8.828,3.953,8.828,8.828 L512,200.093L512,200.093z\"><\/path><path style=\"fill:#FF4B55;\" d=\"M503.172,423.725H8.828c-4.875,0-8.828-3.953-8.828-8.828V311.909h512v102.988 C512,419.773,508.047,423.725,503.172,423.725z\"><\/path><rect y=\"200.091\" style=\"fill:#41479B;\" width=\"512\" height=\"111.81\"><\/rect><path style=\"fill:#FF4B55;\" d=\"M130.225,339.286c-2.613-1.501-64.018-37.216-64.018-92.113v-75.034h132.414v75.034 c0,54.897-61.405,90.612-64.018,92.113l-2.189,1.249L130.225,339.286z\"><\/path><polygon style=\"fill:#F5F5F5;\" points=\"167.094,233.932 146.285,236.673 139.35,236.673 139.35,224.255 143.511,224.255  160.157,226.996 157.903,217.319 160.157,207.642 143.511,210.382 139.35,210.382 139.35,206.188 142.09,185.38 132.414,188.199  122.738,185.38 125.478,206.188 125.478,210.382 121.315,210.382 104.67,207.642 106.924,217.319 104.67,226.996 121.315,224.255  125.478,224.255 125.478,236.673 118.542,236.673 97.734,233.932 100.552,243.608 97.734,253.285 118.542,250.544 125.478,250.544  125.478,282.484 139.35,282.484 139.35,250.544 146.285,250.544 167.094,253.285 164.276,243.608 \"><\/polygon><path style=\"fill:#41479B;\" d=\"M132.414,269.242c-9.118,0-16.938,5.532-20.302,13.419c-0.594-0.049-1.162-0.178-1.767-0.178 c-11.751,0-21.266,9.21-21.94,20.791c17.875,22.004,40.264,35.116,41.82,36.011l2.189,1.25l2.189-1.25 c1.556-0.895,23.945-14.006,41.82-36.011c-0.674-11.581-10.189-20.791-21.94-20.791c-0.605,0-1.173,0.129-1.767,0.178 C149.352,274.774,141.532,269.242,132.414,269.242z\"><\/path><path style=\"fill:#F5F5F5;\" d=\"M194.207,176.553c0,0,0,52.966,0,70.621c0,52.966-61.793,88.276-61.793,88.276 s-61.793-35.31-61.793-88.276c0-17.655,0-70.621,0-70.621H194.207 M203.034,167.725h-8.828H70.621h-8.828v8.828v70.621 c0,57.428,63.537,94.394,66.241,95.94l4.38,2.503l4.38-2.503c2.705-1.546,66.241-38.513,66.241-95.94v-70.621v-8.828H203.034z\"><\/path><g><\/g><g><\/g><g><\/g><g><\/g><g><\/g><g><\/g><g><\/g><g><\/g><g><\/g><g><\/g><g><\/g><g><\/g><g><\/g><g><\/g><g><\/g><\/svg>\t\t\t\t<\/a>\n\t\t\t<\/div>\n\t\t\t\n\t\t\t\t\t\t<div class=\"elementor-icon-box-content\">\n\n\t\t\t\t\t\t\t\t\t<h3 class=\"elementor-icon-box-title\">\n\t\t\t\t\t\t<a href=\"http:\/\/ceramikker.sk\/?utm_source=ceramikker&#038;utm_medium=global&#038;utm_campaign=main_site\" >\n\t\t\t\t\t\t\tNakupujem v slovenskom jazyku\t\t\t\t\t\t<\/a>\n\t\t\t\t\t<\/h3>\n\t\t\t\t\n\t\t\t\t\t\t\t\t\t<p class=\"elementor-icon-box-description\">\n\t\t\t\t\t\tCeramikker.sk\t\t\t\t\t<\/p>\n\t\t\t\t\n\t\t\t<\/div>\n\t\t\t\n\t\t<\/div>\n\t\t\t\t\t\t<\/div>\n\t\t\t\t<\/div>\n\t\t\t\t<div class=\"elementor-element elementor-element-3bd28a4 elementor-align-center elementor-widget elementor-widget-button\" data-id=\"3bd28a4\" data-element_type=\"widget\" data-widget_type=\"button.default\">\n\t\t\t\t<div class=\"elementor-widget-container\">\n\t\t\t\t\t\t\t\t\t<div class=\"elementor-button-wrapper\">\n\t\t\t\t\t<a class=\"elementor-button elementor-button-link elementor-size-sm\" href=\"http:\/\/ceramikker.sk\/?utm_source=ceramikker&#038;utm_medium=global&#038;utm_campaign=main_site\">\n\t\t\t\t\t\t<span class=\"elementor-button-content-wrapper\">\n\t\t\t\t\t\t<span class=\"elementor-button-icon\">\n\t\t\t\t<i aria-hidden=\"true\" class=\"fas fa-arrow-right\"><\/i>\t\t\t<\/span>\n\t\t\t\t\t\t\t\t\t<span class=\"elementor-button-text\">Prejs\u0165 teraz<\/span>\n\t\t\t\t\t<\/span>\n\t\t\t\t\t<\/a>\n\t\t\t\t<\/div>\n\t\t\t\t\t\t\t\t<\/div>\n\t\t\t\t<\/div>\n\t\t\t\t\t<\/div>\n\t\t<\/div>\n\t\t\t\t\t<\/div>\n\t\t<\/section>\n\t\t\t\t\t<\/div>\n\t\t<\/div>\n\t\t\t\t\t<\/div>\n\t\t<\/section>\n\t\t\t\t<\/div>\n\t\t","protected":false},"excerpt":{"rendered":"<p>Kupuj\u0119 w j\u0119zyku polskim Ceramikker.pl Przejd\u017a teraz Nakupuji v \u010desk\u00e9m jazyce Ceramikker.cz P\u0159ej\u00edt nyn\u00ed Nakupujem v slovenskom jazyku Ceramikker.sk Prejs\u0165 teraz<\/p>\n","protected":false},"author":1,"featured_media":0,"parent":0,"menu_order":0,"comment_status":"closed","ping_status":"closed","template":"elementor_canvas","meta":{"footnotes":""},"class_list":["post-10","page","type-page","status-publish","hentry"],"_links":{"self":[{"href":"https:\/\/ceramikker.com\/index.php?rest_route=\/wp\/v2\/pages\/10","targetHints":{"allow":["GET"]}}],"collection":[{"href":"https:\/\/ceramikker.com\/index.php?rest_route=\/wp\/v2\/pages"}],"about":[{"href":"https:\/\/ceramikker.com\/index.php?rest_route=\/wp\/v2\/types\/page"}],"author":[{"embeddable":true,"href":"https:\/\/ceramikker.com\/index.php?rest_route=\/wp\/v2\/users\/1"}],"replies":[{"embeddable":true,"href":"https:\/\/ceramikker.com\/index.php?rest_route=%2Fwp%2Fv2%2Fcomments&post=10"}],"version-history":[{"count":100,"href":"https:\/\/ceramikker.com\/index.php?rest_route=\/wp\/v2\/pages\/10\/revisions"}],"predecessor-version":[{"id":127,"href":"https:\/\/ceramikker.com\/index.php?rest_route=\/wp\/v2\/pages\/10\/revisions\/127"}],"wp:attachment":[{"href":"https:\/\/ceramikker.com\/index.php?rest_route=%2Fwp%2Fv2%2Fmedia&parent=10"}],"curies":[{"name":"wp","href":"https:\/\/api.w.org\/{rel}","templated":true}]}}